{"id":242,"date":"2024-02-13T15:44:25","date_gmt":"2024-02-13T15:44:25","guid":{"rendered":"https:\/\/eudr-coffee.eu\/?page_id=242"},"modified":"2024-02-22T10:27:14","modified_gmt":"2024-02-22T10:27:14","slug":"eudr-coffee-check","status":"publish","type":"page","link":"https:\/\/eudr-coffee.eu\/de\/eudr-coffee-check\/","title":{"rendered":"EUDR Coffee Check"},"content":{"rendered":"<div data-elementor-type=\"wp-page\" data-elementor-id=\"242\" class=\"elementor elementor-242\" data-elementor-post-type=\"page\">\n\t\t\t\t<div class=\"elementor-element elementor-element-3e0f3e6 e-con-full e-flex e-con e-parent\" data-id=\"3e0f3e6\" data-element_type=\"container\" data-e-type=\"container\" data-settings=\"{&quot;background_background&quot;:&quot;classic&quot;}\">\n\t\t\t\t<\/div>\n\t\t<div class=\"elementor-element elementor-element-8c92cff e-flex e-con-boxed e-con e-parent\" data-id=\"8c92cff\" data-element_type=\"container\" data-e-type=\"container\" data-settings=\"{&quot;background_background&quot;:&quot;classic&quot;}\">\n\t\t\t\t\t<div class=\"e-con-inner\">\n\t\t\t\t<div class=\"elementor-element elementor-element-22278ae elementor-widget elementor-widget-image\" data-id=\"22278ae\" data-element_type=\"widget\" data-e-type=\"widget\" data-widget_type=\"image.default\">\n\t\t\t\t<div class=\"elementor-widget-container\">\n\t\t\t\t\t\t\t\t\t\t\t\t\t\t\t<img fetchpriority=\"high\" decoding=\"async\" width=\"800\" height=\"276\" src=\"https:\/\/eudr-coffee.eu\/wp-content\/uploads\/2024\/02\/Test.svg\" class=\"attachment-large size-large wp-image-417\" alt=\"\" \/>\t\t\t\t\t\t\t\t\t\t\t\t\t\t\t<\/div>\n\t\t\t\t<\/div>\n\t\t\t\t<div class=\"elementor-element elementor-element-70caa2a elementor-widget elementor-widget-heading\" data-id=\"70caa2a\" data-element_type=\"widget\" data-e-type=\"widget\" data-widget_type=\"heading.default\">\n\t\t\t\t<div class=\"elementor-widget-container\">\n\t\t\t\t\t<h2 class=\"elementor-heading-title elementor-size-default\">Steuern Sie die Compliance Ihres Kaffees mit dem EUDR Coffee Check<\/h2>\t\t\t\t<\/div>\n\t\t\t\t<\/div>\n\t\t\t\t<div class=\"elementor-element elementor-element-a23b4c5 elementor-widget elementor-widget-text-editor\" data-id=\"a23b4c5\" data-element_type=\"widget\" data-e-type=\"widget\" data-widget_type=\"text-editor.default\">\n\t\t\t\t<div class=\"elementor-widget-container\">\n\t\t\t\t\t\t\t\t\t<p>Wir stellen Ihnen den EUDR Coffee Check vor \u2013 unser umfassendes Tool zur Einhaltung von Vorschriften in der Welt des Kaffees. Dieses Tool ist speziell f\u00fcr Mitglieder des Deutschen Kaffeeverbandes entwickelt worden und f\u00fchrt Sie systematisch durch die EUDR-Anforderungen. Der EUDR Coffee Check soll einen reibungslosen Sorgfaltspflichtenprozess erm\u00f6glichen.<\/p><p>Key Facts:<\/p><ul><li><strong>Automatisierte Bewertung des Entwaldungsrisikos:<\/strong> \u00dcberpr\u00fcfen Sie Ihre Geolokalisierungsdaten mit einer hochmodernen und wissenschaftlich anerkannten Methode, die verschiedene Datens\u00e4tze kombiniert und analytisch verarbeitet. Identifizieren Sie automatisch das Entwaldungsrisiko Ihrer Lieferung innerhalb weniger Sekunden.<\/li><li><strong>Automatisierte Bewertung von Menschenrechts- und Governance-Risiken:<\/strong> F\u00fcr Ihren Kaffee wird eine professionelle Risikobewertung auf der Grundlage international anerkannter Datens\u00e4tze der Internationalen Arbeitsorganisation (ILO), der Vereinten Nationen und anderer durchgef\u00fchrt. Die Risikobewertung deckt die folgenden EUDR-Anforderungen auf nationaler Ebene ab: Pr\u00e4senz indigener V\u00f6lker, begr\u00fcndete Anspr\u00fcche indigener V\u00f6lker, Korruption, mangelnde Strafverfolgung, Menschenrechtsverletzungen (wie Kinderarbeit, moderne Sklaverei und Ungleichbehandlung), bewaffnete Konflikte und Sanktionen.<\/li><li><strong>Geolokalisationsdaten:<\/strong> Um den EUDR Coffee Check nutzen zu k\u00f6nnen, m\u00fcssen die Geolokalisationsdaten (Geokoordinaten oder Polygone) vorliegen.<\/li><li><strong>Rechtm\u00e4\u00dfigkeitspr\u00fcfung:<\/strong> Sie erhalten praktische Anleitungen und Empfehlungen, um zu dokumentieren, dass Ihr Kaffee in \u00dcbereinstimmung mit den einschl\u00e4gigen lokalen Gesetzen produziert wurde, die Bereiche wie Landnutzungsrechte, Arbeitsrechte oder forstwirtschaftliche Vorschriften regeln.<\/li><li><strong>Die 18 wichtigsten Kaffee produzierenden L\u00e4nder im Fokus: <\/strong>Die automatischen Analysen werden f\u00fcr die 18 Kaffee produzierenden L\u00e4nder mit dem h\u00f6chsten Marktanteil zur Verf\u00fcgung gestellt.<\/li><li><strong>Schritt-f\u00fcr-Schritt-Anleitung:<\/strong> Navigieren Sie mit unserer benutzerfreundlichen Oberfl\u00e4che durch die Anforderungen des EUDR-Sorgfaltspflichtenprozesses.<\/li><li><strong>Empfehlungen zur Risikominderung:<\/strong> Sie erhalten umsetzbare Empfehlungen, um Ihre Risikomanagementstrategie zu st\u00e4rken.<\/li><li><strong>Dokumentierte Sorgfaltspflicht:<\/strong> Jeder Schritt des Prozesses wird dokumentiert und zus\u00e4tzliche Informationen k\u00f6nnen nahtlos integriert werden, um einen umfassenden Bericht \u00fcber Ihre Sorgfaltspflicht zu erhalten.<\/li><\/ul><div>\u00a0<\/div><p>Exklusiv f\u00fcr Mitglieder des Deutschen Kaffeeverbandes gegen eine geringe Nutzungsgeb\u00fchr erh\u00e4ltlich.<\/p>\t\t\t\t\t\t\t\t<\/div>\n\t\t\t\t<\/div>\n\t\t\t\t<div class=\"elementor-element elementor-element-c39e5b4 elementor-widget elementor-widget-heading\" data-id=\"c39e5b4\" data-element_type=\"widget\" data-e-type=\"widget\" data-no-translation=\"\" data-widget_type=\"heading.default\">\n\t\t\t\t<div class=\"elementor-widget-container\">\n\t\t\t\t\t<style>.elementor-element-c39e5b4{display:none !important}<\/style>\t\t\t\t<\/div>\n\t\t\t\t<\/div>\n\t\t\t\t<div class=\"elementor-element elementor-element-6dabc91 elementor-widget__width-auto blur elementor-widget elementor-widget-button\" data-id=\"6dabc91\" data-element_type=\"widget\" data-e-type=\"widget\" data-widget_type=\"button.default\">\n\t\t\t\t<div class=\"elementor-widget-container\">\n\t\t\t\t\t\t\t\t\t<div class=\"elementor-button-wrapper\">\n\t\t\t\t\t<a class=\"elementor-button elementor-button-link elementor-size-sm elementor-animation-grow\" href=\"\/de\/login\/\">\n\t\t\t\t\t\t<span class=\"elementor-button-content-wrapper\">\n\t\t\t\t\t\t\t\t\t<span class=\"elementor-button-text\">Starten Sie jetzt mit dem EUDR Coffee Check! <\/span>\n\t\t\t\t\t<\/span>\n\t\t\t\t\t<\/a>\n\t\t\t\t<\/div>\n\t\t\t\t\t\t\t\t<\/div>\n\t\t\t\t<\/div>\n\t\t\t\t<div class=\"elementor-element elementor-element-9435c44 elementor-widget elementor-widget-heading\" data-id=\"9435c44\" data-element_type=\"widget\" data-e-type=\"widget\" data-widget_type=\"heading.default\">\n\t\t\t\t<div class=\"elementor-widget-container\">\n\t\t\t\t\t<h2 class=\"elementor-heading-title elementor-size-default\"><a href=\"https:\/\/www.kaffeeverband.de\/de\/mitglied-werden\/\">Mitglied werden <\/a><\/h2>\t\t\t\t<\/div>\n\t\t\t\t<\/div>\n\t\t\t\t\t<\/div>\n\t\t\t\t<\/div>\n\t\t\t\t<\/div>","protected":false},"excerpt":{"rendered":"<p>Elevate your Coffee Compliance with the EUDR Coffee Check Introducing the EUDR Coffee Check \u2013 our approach to compliance in the world of coffee. This tool is crafted for your specific consignment of coffee. It guides you systematically through the EUDR requirements. The EUDR Coffee Check is here to ensure a seamless due diligence process. [&hellip;]<\/p>\n","protected":false},"author":1,"featured_media":0,"parent":0,"menu_order":0,"comment_status":"closed","ping_status":"closed","template":"elementor_header_footer","meta":{"_acf_changed":false,"inline_featured_image":false,"footnotes":""},"class_list":["post-242","page","type-page","status-publish","hentry"],"acf":[],"_links":{"self":[{"href":"https:\/\/eudr-coffee.eu\/de\/wp-json\/wp\/v2\/pages\/242","targetHints":{"allow":["GET"]}}],"collection":[{"href":"https:\/\/eudr-coffee.eu\/de\/wp-json\/wp\/v2\/pages"}],"about":[{"href":"https:\/\/eudr-coffee.eu\/de\/wp-json\/wp\/v2\/types\/page"}],"author":[{"embeddable":true,"href":"https:\/\/eudr-coffee.eu\/de\/wp-json\/wp\/v2\/users\/1"}],"replies":[{"embeddable":true,"href":"https:\/\/eudr-coffee.eu\/de\/wp-json\/wp\/v2\/comments?post=242"}],"version-history":[{"count":38,"href":"https:\/\/eudr-coffee.eu\/de\/wp-json\/wp\/v2\/pages\/242\/revisions"}],"predecessor-version":[{"id":1235,"href":"https:\/\/eudr-coffee.eu\/de\/wp-json\/wp\/v2\/pages\/242\/revisions\/1235"}],"wp:attachment":[{"href":"https:\/\/eudr-coffee.eu\/de\/wp-json\/wp\/v2\/media?parent=242"}],"curies":[{"name":"wp","href":"https:\/\/api.w.org\/{rel}","templated":true}]}}